{"id":19,"date":"2020-12-15T11:21:55","date_gmt":"2020-12-15T10:21:55","guid":{"rendered":"http:\/\/emilszwajk.pl\/?page_id=19"},"modified":"2022-04-24T12:16:12","modified_gmt":"2022-04-24T10:16:12","slug":"bio","status":"publish","type":"page","link":"https:\/\/emilszwajk.pl\/index.php\/bio\/","title":{"rendered":"BIO"},"content":{"rendered":"\n<figure class=\"wp-block-image size-large\"><img loading=\"lazy\" width=\"1024\" height=\"1024\" src=\"https:\/\/emilszwajk.pl\/wp-content\/uploads\/2022\/04\/013-kopia-1024x1024.jpg\" alt=\"EMIL SZWAJK\" class=\"wp-image-164\" srcset=\"https:\/\/emilszwajk.pl\/wp-content\/uploads\/2022\/04\/013-kopia-1024x1024.jpg 1024w, https:\/\/emilszwajk.pl\/wp-content\/uploads\/2022\/04\/013-kopia-300x300.jpg 300w, https:\/\/emilszwajk.pl\/wp-content\/uploads\/2022\/04\/013-kopia-150x150.jpg 150w, https:\/\/emilszwajk.pl\/wp-content\/uploads\/2022\/04\/013-kopia-768x768.jpg 768w, https:\/\/emilszwajk.pl\/wp-content\/uploads\/2022\/04\/013-kopia-1536x1536.jpg 1536w, https:\/\/emilszwajk.pl\/wp-content\/uploads\/2022\/04\/013-kopia-2048x2048.jpg 2048w\" sizes=\"(max-width: 1024px) 100vw, 1024px\" \/><figcaption>EMIL SZWAJK promocja p\u0142yty &#8222;Sn\u00f3w Gi\u0119cie&#8221;<\/figcaption><\/figure>\n\n\n\n<p>Jako autor tekst\u00f3w lubi opisywa\u0107 proces odkrywania samego siebie jako cz\u0142owieka. Jako kompozytor, producent i multiinstrumentalista eksperymentuje z kolei, \u0142\u0105cz\u0105c ze sob\u0105 z pozoru odmienne style i gatunki. Ucz\u0119szcza\u0142 do szko\u0142y muzycznej II stopnia w klasie gitary klasycznej. Jego nonszalancka barwa g\u0142osu dope\u0142nia obrazu cz\u0142owieka, kt\u00f3ry pr\u00f3buje przedstawia\u0107 swoj\u0105 subiektywn\u0105 interpretacj\u0119 \u015bwiata. <\/p>\n\n\n\n<p>Na co dzie\u0144 mieszka w Rotterdamie, gdzie krok po kroku powo\u0142uje do \u017cycia swoje w\u0142asne domowe wypasione \ud83d\ude42 studio nagraniowe. Wegetarianin z pi\u0119tnastoletnim sta\u017cem. Wolne chwile sp\u0119dza, dotleniaj\u0105c si\u0119 i przebywaj\u0105c blisko natury. Opr\u00f3cz muzyki Emil uwielbia te\u017c majsterkowa\u0107 (wi\u0119kszo\u015b\u0107 rekwizyt\u00f3w i stroj\u00f3w w klipach jest jego dzie\u0142em). <\/p>\n\n\n\n<p>25 Kwietnia ukaza\u0142 si\u0119 jego debiutancki album pod tytu\u0142em \u201eSn\u00f3w Gi\u0119cie\u201d.&nbsp;<\/p>\n","protected":false},"excerpt":{"rendered":"<p>Jako autor tekst\u00f3w lubi opisywa\u0107 proces odkrywania samego siebie jako cz\u0142owieka. Jako kompozytor, producent i multiinstrumentalista eksperymentuje z kolei, \u0142\u0105cz\u0105c ze sob\u0105 z pozoru odmienne style i gatunki. Ucz\u0119szcza\u0142 do szko\u0142y muzycznej II stopnia w klasie gitary klasycznej. Jego nonszalancka barwa g\u0142osu dope\u0142nia obrazu cz\u0142owieka,<span class=\"more-button\"><a href=\"https:\/\/emilszwajk.pl\/index.php\/bio\/\" class=\"more-link button ghost-button \"><span>CZYTAJ DALEJ<\/span><span class=\"screen-reader-text\">BIO<\/span><\/a><\/span><\/p>\n","protected":false},"author":1,"featured_media":0,"parent":0,"menu_order":0,"comment_status":"closed","ping_status":"closed","template":"","meta":[],"_links":{"self":[{"href":"https:\/\/emilszwajk.pl\/index.php\/wp-json\/wp\/v2\/pages\/19"}],"collection":[{"href":"https:\/\/emilszwajk.pl\/index.php\/wp-json\/wp\/v2\/pages"}],"about":[{"href":"https:\/\/emilszwajk.pl\/index.php\/wp-json\/wp\/v2\/types\/page"}],"author":[{"embeddable":true,"href":"https:\/\/emilszwajk.pl\/index.php\/wp-json\/wp\/v2\/users\/1"}],"replies":[{"embeddable":true,"href":"https:\/\/emilszwajk.pl\/index.php\/wp-json\/wp\/v2\/comments?post=19"}],"version-history":[{"count":5,"href":"https:\/\/emilszwajk.pl\/index.php\/wp-json\/wp\/v2\/pages\/19\/revisions"}],"predecessor-version":[{"id":165,"href":"https:\/\/emilszwajk.pl\/index.php\/wp-json\/wp\/v2\/pages\/19\/revisions\/165"}],"wp:attachment":[{"href":"https:\/\/emilszwajk.pl\/index.php\/wp-json\/wp\/v2\/media?parent=19"}],"curies":[{"name":"wp","href":"https:\/\/api.w.org\/{rel}","templated":true}]}}